{"id":606,"date":"2024-04-23T07:07:22","date_gmt":"2024-04-23T07:07:22","guid":{"rendered":"https:\/\/www.embedpro.io\/?page_id=606"},"modified":"2025-07-22T15:15:13","modified_gmt":"2025-07-22T13:15:13","slug":"blog","status":"publish","type":"page","link":"https:\/\/embedpro.eu\/hu\/blog\/","title":{"rendered":"Blog"},"content":{"rendered":"<p>[et_pb_section fb_built=&#8221;1&#8243; admin_label=&#8221;Hero&#8221; _builder_version=&#8221;4.27.4&#8243; background_enable_color=&#8221;off&#8221; background_enable_image=&#8221;off&#8221; background_size=&#8221;stretch&#8221; background_blend=&#8221;multiply&#8221; background_video_mp4=&#8221;https:\/\/embedpro.eu\/wp-content\/uploads\/2024\/05\/designx-1.mp4&#8243; custom_margin=&#8221;||||false|false&#8221; custom_padding=&#8221;|||&#8221; bottom_divider_height=&#8221;48px&#8221; bottom_divider_flip=&#8221;horizontal&#8221; animation_style=&#8221;zoom&#8221; animation_intensity_zoom=&#8221;4%&#8221; global_colors_info=&#8221;{}&#8221;][et_pb_row _builder_version=&#8221;4.16&#8243; background_size=&#8221;initial&#8221; background_position=&#8221;top_left&#8221; background_repeat=&#8221;repeat&#8221; custom_padding=&#8221;|||&#8221; animation_style=&#8221;slide&#8221; animation_direction=&#8221;top&#8221; animation_intensity_slide=&#8221;3%&#8221; global_colors_info=&#8221;{}&#8221;][et_pb_column type=&#8221;4_4&#8243; _builder_version=&#8221;4.16&#8243; custom_padding=&#8221;|||&#8221; global_colors_info=&#8221;{}&#8221; custom_padding__hover=&#8221;|||&#8221;][et_pb_text _builder_version=&#8221;4.25.0&#8243; text_font=&#8221;||||||||&#8221; header_font=&#8221;Montserrat|700||on|||||dotted&#8221; header_text_color=&#8221;#353740&#8243; header_font_size=&#8221;60px&#8221; header_line_height=&#8221;1.3em&#8221; background_size=&#8221;initial&#8221; background_position=&#8221;top_left&#8221; background_repeat=&#8221;repeat&#8221; custom_margin=&#8221;30px||||false|false&#8221; custom_margin_tablet=&#8221;|||&#8221; custom_margin_phone=&#8221;|||&#8221; custom_margin_last_edited=&#8221;on|phone&#8221; custom_padding_tablet=&#8221;&#8221; custom_padding_phone=&#8221;||||false|false&#8221; custom_padding_last_edited=&#8221;on|phone&#8221; animation_style=&#8221;fade&#8221; header_font_size_tablet=&#8221;60px&#8221; header_font_size_phone=&#8221;45px&#8221; header_font_size_last_edited=&#8221;on|phone&#8221; locked=&#8221;off&#8221; global_colors_info=&#8221;{}&#8221;]<\/p>\n<h1><span style=\"color: #ffffff;\">Blog<\/span><\/h1>\n<p>[\/et_pb_text][et_pb_divider show_divider=&#8221;off&#8221; disabled_on=&#8221;on|on|off&#8221; _builder_version=&#8221;4.16&#8243; max_width=&#8221;120px&#8221; animation_style=&#8221;slide&#8221; animation_direction=&#8221;top&#8221; animation_intensity_slide=&#8221;30%&#8221; global_colors_info=&#8221;{}&#8221;][\/et_pb_divider][\/et_pb_column][\/et_pb_row][\/et_pb_section][et_pb_section fb_built=&#8221;1&#8243; admin_label=&#8221;Blog Section&#8221; _builder_version=&#8221;4.25.0&#8243; custom_margin=&#8221;|||&#8221; custom_padding=&#8221;||50px||false|false&#8221; global_colors_info=&#8221;{}&#8221;][et_pb_row use_custom_gutter=&#8221;on&#8221; gutter_width=&#8221;2&#8243; admin_label=&#8221;Blog Area&#8221; _builder_version=&#8221;4.25.0&#8243; background_enable_image=&#8221;off&#8221; max_width=&#8221;80%&#8221; custom_margin_tablet=&#8221;&#8221; custom_margin_phone=&#8221;30px||||false|false&#8221; custom_margin_last_edited=&#8221;on|phone&#8221; animation_style=&#8221;zoom&#8221; animation_duration=&#8221;1850ms&#8221; use_custom_width=&#8221;on&#8221; width_unit=&#8221;off&#8221; global_colors_info=&#8221;{}&#8221;][et_pb_column type=&#8221;4_4&#8243; _builder_version=&#8221;4.16&#8243; custom_padding=&#8221;|||&#8221; global_colors_info=&#8221;{}&#8221; custom_padding__hover=&#8221;|||&#8221;][et_pb_blog fullwidth=&#8221;off&#8221; posts_number=&#8221;9&#8243; use_manual_excerpt=&#8221;off&#8221; show_author=&#8221;off&#8221; show_date=&#8221;off&#8221; show_categories=&#8221;off&#8221; _builder_version=&#8221;4.27.4&#8243; header_font=&#8221;Montserrat|on|||&#8221; header_text_color=&#8221;#000000&#8243; header_font_size=&#8221;22px&#8221; header_line_height=&#8221;1.2em&#8221; body_font=&#8221;Montserrat||||&#8221; body_text_color=&#8221;#000000&#8243; body_font_size=&#8221;16px&#8221; body_line_height=&#8221;1.8em&#8221; meta_font=&#8221;Montserrat||||&#8221; meta_text_color=&#8221;#949ba3&#8243; pagination_font=&#8221;Montserrat||||||||&#8221; pagination_text_color=&#8221;#000000&#8243; custom_margin=&#8221;|30px||30px|false|false&#8221; animation_style=&#8221;zoom&#8221; hover_enabled=&#8221;0&#8243; border_width_all=&#8221;1px&#8221; border_color_all=&#8221;#d8d8d8&#8243; border_style_all=&#8221;solid&#8221; border_width_all_fullwidth=&#8221;1px&#8221; border_color_all_fullwidth=&#8221;#d8d8d8&#8243; border_style_all_fullwidth=&#8221;solid&#8221; box_shadow_style=&#8221;preset1&#8243; box_shadow_color=&#8221;rgba(53,55,64,0.1)&#8221; use_border_color=&#8221;on&#8221; global_colors_info=&#8221;{}&#8221; sticky_enabled=&#8221;0&#8243; pagination_font_size=&#8221;16px&#8221;][\/et_pb_blog][\/et_pb_column][\/et_pb_row][\/et_pb_section][et_pb_section fb_built=&#8221;1&#8243; admin_label=&#8221;Subscription Section&#8221; _builder_version=&#8221;4.25.0&#8243; background_color=&#8221;#00aefe&#8221; custom_padding=&#8221;||50px||false|false&#8221; top_divider_style=&#8221;ramp2&#8243; top_divider_color=&#8221;#f7f7f7&#8243; top_divider_flip=&#8221;vertical|horizontal&#8221; bottom_divider_style=&#8221;ramp2&#8243; bottom_divider_color=&#8221;#f7f7f7&#8243; background_last_edited=&#8221;on|phone&#8221; background_enable_mask_style_tablet=&#8221;on&#8221; background_enable_mask_style_phone=&#8221;on&#8221; background_mask_style_tablet=&#8221;diagonal-bars-2&#8243; background_mask_style_phone=&#8221;chevrons&#8221; background_mask_color_tablet=&#8221;#00aefe&#8221; background_mask_color_phone=&#8221;#00aefe&#8221; background_mask_transform_tablet=&#8221;invert|rotate_90_degree|flip_horizontal&#8221; background_mask_transform_phone=&#8221;invert|flip_vertical|rotate_90_degree&#8221; background_mask_aspect_ratio_tablet=&#8221;square&#8221; global_colors_info=&#8221;{}&#8221;][et_pb_row admin_label=&#8221;Subscription Area&#8221; _builder_version=&#8221;4.16&#8243; global_colors_info=&#8221;{}&#8221;][et_pb_column type=&#8221;4_4&#8243; _builder_version=&#8221;4.16&#8243; custom_padding=&#8221;|||&#8221; global_colors_info=&#8221;{}&#8221; custom_padding__hover=&#8221;|||&#8221;][et_pb_signup mailchimp_list=&#8221;MailChimp|03dac884f0&#8243; name_field=&#8221;on&#8221; title=&#8221;Join Our Newsletter&#8221; description=&#8221;<\/p>\n<p>Stay updated with the latest news, product releases, and industry insights by joining our monthly newsletter. Subscribe now to receive exclusive updates and valuable content directly to your inbox.<\/p>\n<p>&#8221; _builder_version=&#8221;4.27.0&#8243; form_field_background_color=&#8221;#ffffff&#8221; form_field_text_color=&#8221;#747d88&#8243; header_font=&#8221;Montserrat|on|||&#8221; header_text_color=&#8221;#FFFFFF&#8221; header_font_size=&#8221;42px&#8221; body_font=&#8221;Montserrat||||&#8221; body_text_color=&#8221;#000000&#8243; body_font_size=&#8221;16px&#8221; body_line_height=&#8221;1.8em&#8221; use_background_color=&#8221;off&#8221; custom_button=&#8221;on&#8221; button_text_color=&#8221;#FFFFFF&#8221; button_border_width=&#8221;4px&#8221; button_border_color=&#8221;#FFFFFF&#8221; button_border_radius=&#8221;100px&#8221; button_letter_spacing=&#8221;2px&#8221; button_font=&#8221;Montserrat|on||on|&#8221; button_icon=&#8221;&#x45;||divi||400&#8243; background_layout=&#8221;light&#8221; custom_margin_tablet=&#8221;&#8221; custom_margin_phone=&#8221;28px||28px||false|false&#8221; custom_margin_last_edited=&#8221;on|phone&#8221; animation_style=&#8221;zoom&#8221; hover_enabled=&#8221;0&#8243; button_text_color_hover=&#8221;#747d88&#8243; button_letter_spacing_hover=&#8221;2px&#8221; button_bg_color_hover=&#8221;rgba(0,0,0,0)&#8221; global_colors_info=&#8221;{}&#8221; button_text_size__hover_enabled=&#8221;off&#8221; button_one_text_size__hover_enabled=&#8221;off&#8221; button_two_text_size__hover_enabled=&#8221;off&#8221; button_text_color__hover_enabled=&#8221;on&#8221; button_text_color__hover=&#8221;#747d88&#8243; button_one_text_color__hover_enabled=&#8221;off&#8221; button_two_text_color__hover_enabled=&#8221;off&#8221; button_border_width__hover_enabled=&#8221;off&#8221; button_one_border_width__hover_enabled=&#8221;off&#8221; button_two_border_width__hover_enabled=&#8221;off&#8221; button_border_color__hover_enabled=&#8221;off&#8221; button_one_border_color__hover_enabled=&#8221;off&#8221; button_two_border_color__hover_enabled=&#8221;off&#8221; button_border_radius__hover_enabled=&#8221;off&#8221; button_one_border_radius__hover_enabled=&#8221;off&#8221; button_two_border_radius__hover_enabled=&#8221;off&#8221; button_letter_spacing__hover_enabled=&#8221;on&#8221; button_letter_spacing__hover=&#8221;2px&#8221; button_one_letter_spacing__hover_enabled=&#8221;off&#8221; button_two_letter_spacing__hover_enabled=&#8221;off&#8221; button_bg_color__hover_enabled=&#8221;on&#8221; button_bg_color__hover=&#8221;rgba(0,0,0,0)&#8221; button_one_bg_color__hover_enabled=&#8221;off&#8221; button_two_bg_color__hover_enabled=&#8221;off&#8221; sticky_enabled=&#8221;0&#8243;]<\/p>\n<p><span>Curabitur aliquam justo ex, ac varius sem facilisis a. In vel felis eros. Fusce ipsum enim, ultrices at ante sollicitudin, faucibus hendrerit nunc. Nullam tempor nulla eu imperdiet interdum. Mauris euismod mattis consectetur.\u00a0<\/span><\/p>\n<p>[\/et_pb_signup][\/et_pb_column][\/et_pb_row][\/et_pb_section][et_pb_section fb_built=&#8221;1&#8243; _builder_version=&#8221;4.27.0&#8243; _module_preset=&#8221;default&#8221; custom_margin_tablet=&#8221;&#8221; custom_margin_phone=&#8221;8px||8px||false|false&#8221; custom_margin_last_edited=&#8221;on|phone&#8221; custom_padding=&#8221;2px||2px|||&#8221; global_colors_info=&#8221;{}&#8221;][et_pb_row _builder_version=&#8221;4.27.0&#8243; _module_preset=&#8221;default&#8221; global_colors_info=&#8221;{}&#8221;][et_pb_column type=&#8221;4_4&#8243; _builder_version=&#8221;4.27.0&#8243; _module_preset=&#8221;default&#8221; global_colors_info=&#8221;{}&#8221;][et_pb_button button_url=&#8221;https:\/\/embedpro.eu\/wp-content\/uploads\/2025\/07\/Company-Presentation.pdf&#8221; url_new_window=&#8221;on&#8221; button_text=&#8221;Download Company Presentation&#8221; button_alignment=&#8221;center&#8221; _builder_version=&#8221;4.27.4&#8243; _module_preset=&#8221;default&#8221; custom_button=&#8221;on&#8221; button_text_size=&#8221;18px&#8221; button_text_color=&#8221;#ffffff&#8221; button_bg_color=&#8221;#00aefe&#8221; button_border_width=&#8221;6px&#8221; button_border_color=&#8221;#00aefe&#8221; button_border_radius=&#8221;28px&#8221; button_font=&#8221;&#8211;et_global_heading_font|600|||||||&#8221; button_icon=&#8221;&#xe05f;||divi||400&#8243; button_icon_color=&#8221;#ffffff&#8221; animation_style=&#8221;slide&#8221; hover_enabled=&#8221;0&#8243; button_text_size_tablet=&#8221;18px&#8221; button_text_size_phone=&#8221;15px&#8221; button_text_size_last_edited=&#8221;on|phone&#8221; global_colors_info=&#8221;{}&#8221; sticky_enabled=&#8221;0&#8243;][\/et_pb_button][\/et_pb_column][\/et_pb_row][\/et_pb_section]<\/p>","protected":false},"excerpt":{"rendered":"<p>Our BlogCurabitur aliquam justo ex, ac varius sem facilisis a. In vel felis eros. Fusce ipsum enim, ultrices at ante sollicitudin, faucibus hendrerit nunc. Nullam tempor nulla eu imperdiet interdum. Mauris euismod mattis consectetur.\u00a0<\/p>","protected":false},"author":1,"featured_media":0,"parent":0,"menu_order":0,"comment_status":"closed","ping_status":"closed","template":"","meta":{"_et_pb_use_builder":"on","_et_pb_old_content":"","_et_gb_content_width":"","footnotes":""},"class_list":["post-606","page","type-page","status-publish","hentry"],"yoast_head":"<!-- This site is optimized with the Yoast SEO plugin v24.9 - https:\/\/yoast.com\/wordpress\/plugins\/seo\/ -->\n<title>Blog - EmbedPro Ltd. | We create embedded values<\/title>\n<meta name=\"description\" content=\"Electronic design and manufacturing services: PCB design | Embedded Software | Embedded Linux | FPGA | Product design | Series production\" \/>\n<meta name=\"robots\" content=\"index, follow, max-snippet:-1, max-image-preview:large, max-video-preview:-1\" \/>\n<link rel=\"canonical\" href=\"https:\/\/embedpro.eu\/hu\/blog\/\" \/>\n<meta property=\"og:locale\" content=\"hu_HU\" \/>\n<meta property=\"og:type\" content=\"article\" \/>\n<meta property=\"og:title\" content=\"Blog - EmbedPro Ltd. | We create embedded values\" \/>\n<meta property=\"og:description\" content=\"Electronic design and manufacturing services: PCB design | Embedded Software | Embedded Linux | FPGA | Product design | Series production\" \/>\n<meta property=\"og:url\" content=\"https:\/\/embedpro.eu\/hu\/blog\/\" \/>\n<meta property=\"og:site_name\" content=\"EmbedPro Ltd.\" \/>\n<meta property=\"article:modified_time\" content=\"2025-07-22T13:15:13+00:00\" \/>\n<meta name=\"twitter:card\" content=\"summary_large_image\" \/>\n<meta name=\"twitter:label1\" content=\"Becs\u00fclt olvas\u00e1si id\u0151\" \/>\n\t<meta name=\"twitter:data1\" content=\"2 perc\" \/>\n<script type=\"application\/ld+json\" class=\"yoast-schema-graph\">{\"@context\":\"https:\/\/schema.org\",\"@graph\":[{\"@type\":\"WebPage\",\"@id\":\"https:\/\/embedpro.eu\/blog\/\",\"url\":\"https:\/\/embedpro.eu\/blog\/\",\"name\":\"Blog - EmbedPro Ltd. | We create embedded values\",\"isPartOf\":{\"@id\":\"https:\/\/embedpro.eu\/#website\"},\"datePublished\":\"2024-04-23T07:07:22+00:00\",\"dateModified\":\"2025-07-22T13:15:13+00:00\",\"description\":\"Electronic design and manufacturing services: PCB design | Embedded Software | Embedded Linux | FPGA | Product design | Series production\",\"breadcrumb\":{\"@id\":\"https:\/\/embedpro.eu\/blog\/#breadcrumb\"},\"inLanguage\":\"hu\",\"potentialAction\":[{\"@type\":\"ReadAction\",\"target\":[\"https:\/\/embedpro.eu\/blog\/\"]}]},{\"@type\":\"BreadcrumbList\",\"@id\":\"https:\/\/embedpro.eu\/blog\/#breadcrumb\",\"itemListElement\":[{\"@type\":\"ListItem\",\"position\":1,\"name\":\"Home\",\"item\":\"https:\/\/embedpro.eu\/\"},{\"@type\":\"ListItem\",\"position\":2,\"name\":\"Blog\"}]},{\"@type\":\"WebSite\",\"@id\":\"https:\/\/embedpro.eu\/#website\",\"url\":\"https:\/\/embedpro.eu\/\",\"name\":\"EmbedPro Ltd.\",\"description\":\"EmbedPro Ltd. | PCB Design | Embedded Software and Linux\",\"publisher\":{\"@id\":\"https:\/\/embedpro.eu\/#organization\"},\"potentialAction\":[{\"@type\":\"SearchAction\",\"target\":{\"@type\":\"EntryPoint\",\"urlTemplate\":\"https:\/\/embedpro.eu\/?s={search_term_string}\"},\"query-input\":{\"@type\":\"PropertyValueSpecification\",\"valueRequired\":true,\"valueName\":\"search_term_string\"}}],\"inLanguage\":\"hu\"},{\"@type\":\"Organization\",\"@id\":\"https:\/\/embedpro.eu\/#organization\",\"name\":\"EmbedPro Ltd.\",\"url\":\"https:\/\/embedpro.eu\/\",\"logo\":{\"@type\":\"ImageObject\",\"inLanguage\":\"hu\",\"@id\":\"https:\/\/embedpro.eu\/#\/schema\/logo\/image\/\",\"url\":\"https:\/\/embedpro.eu\/wp-content\/uploads\/2024\/09\/kozep-logo-fekete.png\",\"contentUrl\":\"https:\/\/embedpro.eu\/wp-content\/uploads\/2024\/09\/kozep-logo-fekete.png\",\"width\":900,\"height\":600,\"caption\":\"EmbedPro Ltd.\"},\"image\":{\"@id\":\"https:\/\/embedpro.eu\/#\/schema\/logo\/image\/\"}}]}<\/script>\n<!-- \/ Yoast SEO plugin. -->","yoast_head_json":{"title":"Blog - EmbedPro Ltd. | We create embedded values","description":"Electronic design and manufacturing services: PCB design | Embedded Software | Embedded Linux | FPGA | Product design | Series production","robots":{"index":"index","follow":"follow","max-snippet":"max-snippet:-1","max-image-preview":"max-image-preview:large","max-video-preview":"max-video-preview:-1"},"canonical":"https:\/\/embedpro.eu\/hu\/blog\/","og_locale":"hu_HU","og_type":"article","og_title":"Blog - EmbedPro Ltd. | We create embedded values","og_description":"Electronic design and manufacturing services: PCB design | Embedded Software | Embedded Linux | FPGA | Product design | Series production","og_url":"https:\/\/embedpro.eu\/hu\/blog\/","og_site_name":"EmbedPro Ltd.","article_modified_time":"2025-07-22T13:15:13+00:00","twitter_card":"summary_large_image","twitter_misc":{"Becs\u00fclt olvas\u00e1si id\u0151":"2 perc"},"schema":{"@context":"https:\/\/schema.org","@graph":[{"@type":"WebPage","@id":"https:\/\/embedpro.eu\/blog\/","url":"https:\/\/embedpro.eu\/blog\/","name":"Blog - EmbedPro Ltd. | We create embedded values","isPartOf":{"@id":"https:\/\/embedpro.eu\/#website"},"datePublished":"2024-04-23T07:07:22+00:00","dateModified":"2025-07-22T13:15:13+00:00","description":"Electronic design and manufacturing services: PCB design | Embedded Software | Embedded Linux | FPGA | Product design | Series production","breadcrumb":{"@id":"https:\/\/embedpro.eu\/blog\/#breadcrumb"},"inLanguage":"hu","potentialAction":[{"@type":"ReadAction","target":["https:\/\/embedpro.eu\/blog\/"]}]},{"@type":"BreadcrumbList","@id":"https:\/\/embedpro.eu\/blog\/#breadcrumb","itemListElement":[{"@type":"ListItem","position":1,"name":"Home","item":"https:\/\/embedpro.eu\/"},{"@type":"ListItem","position":2,"name":"Blog"}]},{"@type":"WebSite","@id":"https:\/\/embedpro.eu\/#website","url":"https:\/\/embedpro.eu\/","name":"EmbedPro Ltd.","description":"EmbedPro Ltd. | PCB Design | Embedded Software and Linux","publisher":{"@id":"https:\/\/embedpro.eu\/#organization"},"potentialAction":[{"@type":"SearchAction","target":{"@type":"EntryPoint","urlTemplate":"https:\/\/embedpro.eu\/?s={search_term_string}"},"query-input":{"@type":"PropertyValueSpecification","valueRequired":true,"valueName":"search_term_string"}}],"inLanguage":"hu"},{"@type":"Organization","@id":"https:\/\/embedpro.eu\/#organization","name":"EmbedPro Ltd.","url":"https:\/\/embedpro.eu\/","logo":{"@type":"ImageObject","inLanguage":"hu","@id":"https:\/\/embedpro.eu\/#\/schema\/logo\/image\/","url":"https:\/\/embedpro.eu\/wp-content\/uploads\/2024\/09\/kozep-logo-fekete.png","contentUrl":"https:\/\/embedpro.eu\/wp-content\/uploads\/2024\/09\/kozep-logo-fekete.png","width":900,"height":600,"caption":"EmbedPro Ltd."},"image":{"@id":"https:\/\/embedpro.eu\/#\/schema\/logo\/image\/"}}]}},"_links":{"self":[{"href":"https:\/\/embedpro.eu\/hu\/wp-json\/wp\/v2\/pages\/606","targetHints":{"allow":["GET"]}}],"collection":[{"href":"https:\/\/embedpro.eu\/hu\/wp-json\/wp\/v2\/pages"}],"about":[{"href":"https:\/\/embedpro.eu\/hu\/wp-json\/wp\/v2\/types\/page"}],"author":[{"embeddable":true,"href":"https:\/\/embedpro.eu\/hu\/wp-json\/wp\/v2\/users\/1"}],"replies":[{"embeddable":true,"href":"https:\/\/embedpro.eu\/hu\/wp-json\/wp\/v2\/comments?post=606"}],"version-history":[{"count":62,"href":"https:\/\/embedpro.eu\/hu\/wp-json\/wp\/v2\/pages\/606\/revisions"}],"predecessor-version":[{"id":2986,"href":"https:\/\/embedpro.eu\/hu\/wp-json\/wp\/v2\/pages\/606\/revisions\/2986"}],"wp:attachment":[{"href":"https:\/\/embedpro.eu\/hu\/wp-json\/wp\/v2\/media?parent=606"}],"curies":[{"name":"wp","href":"https:\/\/api.w.org\/{rel}","templated":true}]}}